{"id":1529,"date":"2023-02-07T14:11:13","date_gmt":"2023-02-07T17:11:13","guid":{"rendered":"http:\/\/www.nucleos.com.br\/planocd\/?page_id=1529"},"modified":"2025-06-05T16:34:57","modified_gmt":"2025-06-05T19:34:57","slug":"formularios","status":"publish","type":"page","link":"https:\/\/www.nucleos.com.br\/planocd\/formularios\/","title":{"rendered":"Formul\u00e1rios"},"content":{"rendered":"\t\t<div data-elementor-type=\"wp-page\" data-elementor-id=\"1529\" class=\"elementor elementor-1529\" data-elementor-settings=\"[]\">\n\t\t\t\t\t\t\t<div class=\"elementor-section-wrap\">\n\t\t\t\t\t\t\t<section class=\"elementor-section elementor-top-section elementor-element elementor-element-f483814 elementor-section-boxed elementor-section-height-default elementor-section-height-default\" data-id=\"f483814\" data-element_type=\"section\">\n\t\t\t\t\t\t<div class=\"elementor-container elementor-column-gap-default\">\n\t\t\t\t\t<div class=\"elementor-column elementor-col-100 elementor-top-column elementor-element elementor-element-c3d26f0\" data-id=\"c3d26f0\" data-element_type=\"column\">\n\t\t\t<div class=\"elementor-widget-wrap elementor-element-populated\">\n\t\t\t\t\t\t\t\t<div class=\"elementor-element elementor-element-e11978e elementor-widget elementor-widget-heading\" data-id=\"e11978e\" data-element_type=\"widget\" data-widget_type=\"heading.default\">\n\t\t\t\t<div class=\"elementor-widget-container\">\n\t\t\t<h2 class=\"elementor-heading-title elementor-size-default\">Formul\u00e1rios Plano CD<br><\/h2>\t\t<\/div>\n\t\t\t\t<\/div>\n\t\t\t\t<div class=\"elementor-element elementor-element-8082b02 elementor-widget elementor-widget-text-editor\" data-id=\"8082b02\" data-element_type=\"widget\" data-widget_type=\"text-editor.default\">\n\t\t\t\t<div class=\"elementor-widget-container\">\n\t\t\t\t\t\t\t<h4><span style=\"color: #000000;\"><b>GSS \u2013 48 FORMUL\u00c1RIO DE SOLICITA\u00c7\u00c3O DE BENEF\u00cdCIO<\/b><\/span><\/h4><p><span style=\"color: #000000;\">Para solicitar o benef\u00edcio do Plano CD, preencha o formul\u00e1rio de Solicita\u00e7\u00e3o de Benef\u00edcio (SOB) ap\u00f3s ter cumprido todos os requisitos exigidos.<\/span><\/p><p><span style=\"color: #000000;\">O formul\u00e1rio pode ser preenchido diretamente no computador e assinado eletronicamente, utilizando um certificado digital emitido por uma Autoridade Certificadora credenciada pela Infraestrutura de Chaves P\u00fablicas Brasileira (ICP-Brasil), em conformidade com a legisla\u00e7\u00e3o vigente.<\/span><\/p><p><span style=\"color: #000000;\">Caso n\u00e3o possua um certificado digital, \u00e9 poss\u00edvel imprimir o documento, preench\u00ea-lo manualmente e assin\u00e1-lo de forma convencional.<\/span><\/p>\t\t\t\t\t\t<\/div>\n\t\t\t\t<\/div>\n\t\t\t\t<div class=\"elementor-element elementor-element-75df612 elementor-align-center elementor-widget elementor-widget-button\" data-id=\"75df612\" data-element_type=\"widget\" data-widget_type=\"button.default\">\n\t\t\t\t<div class=\"elementor-widget-container\">\n\t\t\t\t\t<div class=\"elementor-button-wrapper\">\n\t\t\t<a href=\"\/planocd\/wp-content\/uploads\/2025\/06\/GSS-48-Solicitacao-de-Beneficio-SOB-CD.pdf\" target=\"_blank\" class=\"elementor-button-link elementor-button elementor-size-lg\" role=\"button\">\n\t\t\t\t\t\t<span class=\"elementor-button-content-wrapper\">\n\t\t\t\t\t\t<span class=\"elementor-button-text\">Download formul\u00e1rio - GSS 48<\/span>\n\t\t<\/span>\n\t\t\t\t\t<\/a>\n\t\t<\/div>\n\t\t\t\t<\/div>\n\t\t\t\t<\/div>\n\t\t\t\t<div class=\"elementor-element elementor-element-192f3ba elementor-widget elementor-widget-text-editor\" data-id=\"192f3ba\" data-element_type=\"widget\" data-widget_type=\"text-editor.default\">\n\t\t\t\t<div class=\"elementor-widget-container\">\n\t\t\t\t\t\t\t<h4><span style=\"color: #000000;\"><strong>GSS-45 DECLARA\u00c7\u00c3O DE ORIGEM E DESTINA\u00c7\u00c3O DE APORTE<\/strong><\/span><\/h4>\n<p><span style=\"color: #000000;\">Preencha este formul\u00e1rio na destina\u00e7\u00e3o de aporte de contribui\u00e7\u00e3o volunt\u00e1ria Plano CD, aporte para o Plano B\u00e1sico de Benef\u00edcios \u2013 PBB-BD e na quita\u00e7\u00e3o ou amortiza\u00e7\u00e3o de empr\u00e9stimos com valor igual ou superior a R$ 10.000,00 (dez mil reais) para identifica\u00e7\u00e3o da origem do recurso.<\/span><\/p>\n<p><span style=\"color: #000000;\">Agora o formul\u00e1rio pode ser preenchido no arquivo pelo pr\u00f3prio computador e assinado com assinatura eletr\u00f4nica atrav\u00e9s de certificado digital emitido por uma Autoridade Certificadora credenciada na infraestrutura de Chaves P\u00fablicas Brasileiras (ICP-Brasil) na forma da legisla\u00e7\u00e3o vigente.<\/span><\/p>\n<p><span style=\"color: #000000;\">Caso n\u00e3o possui assinatura eletr\u00f4nica certificada digitalmente poder\u00e1 assinar manualmente imprimindo o documento.<\/span><\/p>\t\t\t\t\t\t<\/div>\n\t\t\t\t<\/div>\n\t\t\t\t<div class=\"elementor-element elementor-element-187eadc elementor-align-center elementor-widget elementor-widget-button\" data-id=\"187eadc\" data-element_type=\"widget\" data-widget_type=\"button.default\">\n\t\t\t\t<div class=\"elementor-widget-container\">\n\t\t\t\t\t<div class=\"elementor-button-wrapper\">\n\t\t\t<a href=\"\/planocd\/wp-content\/uploads\/2024\/01\/gss-45-Declaraodeorigee-destinacaodeaporte.pdf\" target=\"_blank\" class=\"elementor-button-link elementor-button elementor-size-lg\" role=\"button\">\n\t\t\t\t\t\t<span class=\"elementor-button-content-wrapper\">\n\t\t\t\t\t\t<span class=\"elementor-button-text\">Download formul\u00e1rio - GSS 45<\/span>\n\t\t<\/span>\n\t\t\t\t\t<\/a>\n\t\t<\/div>\n\t\t\t\t<\/div>\n\t\t\t\t<\/div>\n\t\t\t\t<div class=\"elementor-element elementor-element-0cdc77d elementor-widget elementor-widget-text-editor\" data-id=\"0cdc77d\" data-element_type=\"widget\" data-widget_type=\"text-editor.default\">\n\t\t\t\t<div class=\"elementor-widget-container\">\n\t\t\t\t\t\t\t<h4><span style=\"color: #000000;\"><b>GSS \u2013 43 DECLARA\u00c7\u00c3O DE PESSOAS EXPOSTAS POLITICAMENTE<\/b><\/span><\/h4>\n<p><span style=\"color: #000000;\">Preencha este formul\u00e1rio, caso seja necess\u00e1rio, para possibilitar a identifica\u00e7\u00e3o e a qualifica\u00e7\u00e3o do participante\/assistidos como pessoa exposta politicamente.&nbsp; Bem como seus representantes, familiares e outras pessoas de seu relacionamento pr\u00f3ximo.<\/span><\/p>\n<p><span style=\"color: #000000;\">(*) Considera-se exposta politicamente a pessoa natural que desempenha ou tenha desempenhado, nos cinco anos anteriores, cargo, emprego ou fun\u00e7\u00e3o p\u00fablica relevantes, assim como fun\u00e7\u00f5es relevantes em organiza\u00e7\u00f5es internacionais.<\/span><\/p>\t\t\t\t\t\t<\/div>\n\t\t\t\t<\/div>\n\t\t\t\t<div class=\"elementor-element elementor-element-ac4cdc1 elementor-align-center elementor-widget elementor-widget-button\" data-id=\"ac4cdc1\" data-element_type=\"widget\" data-widget_type=\"button.default\">\n\t\t\t\t<div class=\"elementor-widget-container\">\n\t\t\t\t\t<div class=\"elementor-button-wrapper\">\n\t\t\t<a href=\"http:\/\/www.nucleos.com.br\/planocd\/wp-content\/uploads\/2024\/01\/GSS-43DeclaraodPessoasExpostasPoliticamentePEP-EDITVELv1.0.pdf\" target=\"_blank\" class=\"elementor-button-link elementor-button elementor-size-lg\" role=\"button\">\n\t\t\t\t\t\t<span class=\"elementor-button-content-wrapper\">\n\t\t\t\t\t\t<span class=\"elementor-button-text\">Download formul\u00e1rio - GSS 43<\/span>\n\t\t<\/span>\n\t\t\t\t\t<\/a>\n\t\t<\/div>\n\t\t\t\t<\/div>\n\t\t\t\t<\/div>\n\t\t\t\t\t<\/div>\n\t\t<\/div>\n\t\t\t\t\t\t\t<\/div>\n\t\t<\/section>\n\t\t\t\t\t\t<\/div>\n\t\t\t\t\t<\/div>\n\t\t","protected":false},"excerpt":{"rendered":"<p>Formul\u00e1rios Plano CD GSS \u2013 48 FORMUL\u00c1RIO DE SOLICITA\u00c7\u00c3O DE BENEF\u00cdCIO Para solicitar o benef\u00edcio do Plano CD, preencha o formul\u00e1rio de Solicita\u00e7\u00e3o de Benef\u00edcio (SOB) ap\u00f3s ter cumprido todos os requisitos exigidos. O formul\u00e1rio pode ser preenchido diretamente no computador e assinado eletronicamente, utilizando um certificado digital emitido por uma Autoridade Certificadora credenciada pela [&hellip;]<\/p>\n","protected":false},"author":1,"featured_media":0,"parent":0,"menu_order":0,"comment_status":"closed","ping_status":"closed","template":"","meta":[],"_links":{"self":[{"href":"https:\/\/www.nucleos.com.br\/planocd\/wp-json\/wp\/v2\/pages\/1529"}],"collection":[{"href":"https:\/\/www.nucleos.com.br\/planocd\/wp-json\/wp\/v2\/pages"}],"about":[{"href":"https:\/\/www.nucleos.com.br\/planocd\/wp-json\/wp\/v2\/types\/page"}],"author":[{"embeddable":true,"href":"https:\/\/www.nucleos.com.br\/planocd\/wp-json\/wp\/v2\/users\/1"}],"replies":[{"embeddable":true,"href":"https:\/\/www.nucleos.com.br\/planocd\/wp-json\/wp\/v2\/comments?post=1529"}],"version-history":[{"count":26,"href":"https:\/\/www.nucleos.com.br\/planocd\/wp-json\/wp\/v2\/pages\/1529\/revisions"}],"predecessor-version":[{"id":1661,"href":"https:\/\/www.nucleos.com.br\/planocd\/wp-json\/wp\/v2\/pages\/1529\/revisions\/1661"}],"wp:attachment":[{"href":"https:\/\/www.nucleos.com.br\/planocd\/wp-json\/wp\/v2\/media?parent=1529"}],"curies":[{"name":"wp","href":"https:\/\/api.w.org\/{rel}","templated":true}]}}